{"id":1151,"date":"2024-10-10T12:17:03","date_gmt":"2024-10-10T10:17:03","guid":{"rendered":"https:\/\/restaurantelapampa.es\/?post_type=product&#038;p=1151"},"modified":"2025-02-03T16:00:08","modified_gmt":"2025-02-03T15:00:08","slug":"asado-de-tira-gruesa-costillas","status":"publish","type":"product","link":"https:\/\/restaurantelapampa.es\/en\/tienda-online\/asado-de-tira-gruesa-costillas\/","title":{"rendered":"Asado de Tira Gruesa (Costillas)"},"content":{"rendered":"<p>Cortadas a cuatro dedos y dos tiras por bandeja. Peso aproximado por bandeja 1,5 \u2013 1,9 kilogramos Aprox.<\/p>\n<p>Precio por kilogramo: 17,60\u20ac<\/p>\n<p>En esta presentaci\u00f3n con un corte mas ancho y la necesidad de una cocci\u00f3n m\u00e1s lenta, aumenta su terneza y realza a\u00fan m\u00e1s el especial sabor de la carne con hueso.<\/p>\n","protected":false},"excerpt":{"rendered":"<p>Cortadas a cuatro dedos y dos tiras por bandeja. Peso [&hellip;]<\/p>\n","protected":false},"featured_media":1515,"template":"","meta":[],"product_brand":[],"product_cat":[31],"product_tag":[],"class_list":{"0":"post-1151","1":"product","2":"type-product","3":"status-publish","4":"has-post-thumbnail","6":"product_cat-cortes-nacionales","8":"first","9":"instock","10":"shipping-taxable","11":"purchasable","12":"product-type-simple"},"_links":{"self":[{"href":"https:\/\/restaurantelapampa.es\/en\/wp-json\/wp\/v2\/product\/1151","targetHints":{"allow":["GET"]}}],"collection":[{"href":"https:\/\/restaurantelapampa.es\/en\/wp-json\/wp\/v2\/product"}],"about":[{"href":"https:\/\/restaurantelapampa.es\/en\/wp-json\/wp\/v2\/types\/product"}],"wp:featuredmedia":[{"embeddable":true,"href":"https:\/\/restaurantelapampa.es\/en\/wp-json\/wp\/v2\/media\/1515"}],"wp:attachment":[{"href":"https:\/\/restaurantelapampa.es\/en\/wp-json\/wp\/v2\/media?parent=1151"}],"wp:term":[{"taxonomy":"product_brand","embeddable":true,"href":"https:\/\/restaurantelapampa.es\/en\/wp-json\/wp\/v2\/product_brand?post=1151"},{"taxonomy":"product_cat","embeddable":true,"href":"https:\/\/restaurantelapampa.es\/en\/wp-json\/wp\/v2\/product_cat?post=1151"},{"taxonomy":"product_tag","embeddable":true,"href":"https:\/\/restaurantelapampa.es\/en\/wp-json\/wp\/v2\/product_tag?post=1151"}],"curies":[{"name":"wp","href":"https:\/\/api.w.org\/{rel}","templated":true}]}}