{"id":1224,"date":"2024-10-10T16:58:17","date_gmt":"2024-10-10T14:58:17","guid":{"rendered":"https:\/\/restaurantelapampa.es\/?post_type=product&#038;p=1224"},"modified":"2024-10-11T11:25:16","modified_gmt":"2024-10-11T09:25:16","slug":"el-gran-enemigo-chacayes","status":"publish","type":"product","link":"https:\/\/restaurantelapampa.es\/en\/tienda-online\/el-gran-enemigo-chacayes\/","title":{"rendered":"El Gran Enemigo Chacayes"},"content":{"rendered":"<p>COMPOSICI\u00d3N:<\/p>\n<p>85% Cabernet Franc<br \/>\n15% Malbec<\/p>\n<p>NOTAS DE CATA: De color rojo rub\u00ed profundo. Aromas a fruta negra, grosellas, ar\u00e1ndanos, especias y regaliz con notas minerales. En boca es un vino con cuerpo, denso y con car\u00e1cter, con notas salinas, frutal y equilibrado. Final largo y persistente.<\/p>\n","protected":false},"excerpt":{"rendered":"<p>COMPOSICI\u00d3N: 85% Cabernet Franc 15% Malbec NOTAS DE CATA: De [&hellip;]<\/p>\n","protected":false},"featured_media":1225,"template":"","meta":[],"product_brand":[],"product_cat":[32],"product_tag":[],"class_list":{"0":"post-1224","1":"product","2":"type-product","3":"status-publish","4":"has-post-thumbnail","6":"product_cat-vinos-argentinos","8":"first","9":"instock","10":"shipping-taxable","11":"purchasable","12":"product-type-simple"},"_links":{"self":[{"href":"https:\/\/restaurantelapampa.es\/en\/wp-json\/wp\/v2\/product\/1224","targetHints":{"allow":["GET"]}}],"collection":[{"href":"https:\/\/restaurantelapampa.es\/en\/wp-json\/wp\/v2\/product"}],"about":[{"href":"https:\/\/restaurantelapampa.es\/en\/wp-json\/wp\/v2\/types\/product"}],"wp:featuredmedia":[{"embeddable":true,"href":"https:\/\/restaurantelapampa.es\/en\/wp-json\/wp\/v2\/media\/1225"}],"wp:attachment":[{"href":"https:\/\/restaurantelapampa.es\/en\/wp-json\/wp\/v2\/media?parent=1224"}],"wp:term":[{"taxonomy":"product_brand","embeddable":true,"href":"https:\/\/restaurantelapampa.es\/en\/wp-json\/wp\/v2\/product_brand?post=1224"},{"taxonomy":"product_cat","embeddable":true,"href":"https:\/\/restaurantelapampa.es\/en\/wp-json\/wp\/v2\/product_cat?post=1224"},{"taxonomy":"product_tag","embeddable":true,"href":"https:\/\/restaurantelapampa.es\/en\/wp-json\/wp\/v2\/product_tag?post=1224"}],"curies":[{"name":"wp","href":"https:\/\/api.w.org\/{rel}","templated":true}]}}